{"id":2,"date":"2018-09-28T14:08:37","date_gmt":"2018-09-28T17:08:37","guid":{"rendered":"https:\/\/silobags.org\/?page_id=2"},"modified":"2019-10-02T13:43:03","modified_gmt":"2019-10-02T16:43:03","slug":"convenio-de-estudio-y-tecnologia","status":"publish","type":"page","link":"http:\/\/progranos.org\/siloBolsa\/?page_id=2","title":{"rendered":"Institucional"},"content":{"rendered":"\n<figure class=\"wp-block-image\"><img decoding=\"async\" loading=\"lazy\" width=\"1024\" height=\"406\" src=\"http:\/\/progranos.org\/siloBolsa\/wp-content\/uploads\/2019\/02\/institucional-foto-1024x406.jpg\" alt=\"\" class=\"wp-image-389\" srcset=\"http:\/\/progranos.org\/siloBolsa\/wp-content\/uploads\/2019\/02\/institucional-foto-1024x406.jpg 1024w, http:\/\/progranos.org\/siloBolsa\/wp-content\/uploads\/2019\/02\/institucional-foto-300x119.jpg 300w, http:\/\/progranos.org\/siloBolsa\/wp-content\/uploads\/2019\/02\/institucional-foto-768x305.jpg 768w, http:\/\/progranos.org\/siloBolsa\/wp-content\/uploads\/2019\/02\/institucional-foto.jpg 1920w\" sizes=\"(max-width: 1024px) 100vw, 1024px\" \/><\/figure>\n\n\n\n<p class=\"has-medium-font-size\">Este sitio web es un <strong>repositorio de informaci\u00f3n de la tecnolog\u00eda de almacenamiento de granos, semillas y subproductos en silo bolsas<\/strong>. <br>La mayor parte de dicha informaci\u00f3n fue generada en el marco de un Convenio entre <a href=\"https:\/\/inta.gob.ar\/\">INTA<\/a> y Empresas Fabricantes de Bolsas Pl\u00e1sticas (2004 a la fecha).<\/p>\n\n\n\n<div class=\"wp-block-columns has-3-columns is-layout-flex wp-container-4 wp-block-columns-is-layout-flex\">\n<div class=\"wp-block-column is-layout-flow wp-block-column-is-layout-flow\">\n<figure class=\"wp-block-image\"><a href=\"https:\/\/ar.dow.com\/es-ar\"><img decoding=\"async\" loading=\"lazy\" width=\"160\" height=\"84\" src=\"http:\/\/progranos.org\/siloBolsa\/wp-content\/uploads\/2019\/02\/logo-dow.jpg\" alt=\"\" class=\"wp-image-383\"\/><\/a><\/figure>\n<\/div>\n\n\n\n<div class=\"wp-block-column is-layout-flow wp-block-column-is-layout-flow\">\n<figure class=\"wp-block-image\"><a href=\"http:\/\/www.ipesa.com.ar\/es\/inicio\/\"><img decoding=\"async\" loading=\"lazy\" width=\"161\" height=\"86\" src=\"http:\/\/progranos.org\/siloBolsa\/wp-content\/uploads\/2019\/02\/ipesa-logo.png\" alt=\"\" class=\"wp-image-385\"\/><\/a><\/figure>\n<\/div>\n\n\n\n<div class=\"wp-block-column is-layout-flow wp-block-column-is-layout-flow\">\n<figure class=\"wp-block-image\"><a href=\"http:\/\/www.silobolsa.com\/\"><img decoding=\"async\" loading=\"lazy\" width=\"160\" height=\"84\" src=\"http:\/\/progranos.org\/siloBolsa\/wp-content\/uploads\/2019\/02\/logo-plastar.jpg\" alt=\"\" class=\"wp-image-386\"\/><\/a><\/figure>\n<\/div>\n<\/div>\n\n\n\n<h3 class=\"wp-block-heading\">Historia<\/h3>\n\n\n\n<p>La\ntecnolog\u00eda de almacenamiento de granos en silo bolsas comenz\u00f3 en el\npa\u00eds en el a\u00f1o 1994. A partir del a\u00f1o 1995 el INTA realiz\u00f3 los\nprimeros ensayos sobre silo bolsa en Argentina. Estas actividades se\nrealizaron espor\u00e1dicamente al principio y de manera m\u00e1s consistente\nhacia finales de la d\u00e9cada del \u201990, en las Estaciones\nExperimentales de Balcarce y Manfredi. <strong>En\nel a\u00f1o 2003 se realiz\u00f3 el primer Convenio de Asistencia T\u00e9cnica,\nentre el INTA y las principales empresas fabricantes de silo bolsas<\/strong>\ndel pa\u00eds, incluyendo a Industrias Pl\u00e1sticas por Extrusi\u00f3n S.A.\n(IPESA), Plastar San Luis S.A. (Plastar) y Venados Manufacturas\nPl\u00e1sticas S.A. (Inplex). <strong>Actualmente,\nparticipan del Convenio el INTA, IPESA, Plastar y Dow Chemical,\nprincipal proveedor de polietileno para la fabricaci\u00f3n de silo\nbolsas<\/strong>,\nquien se sum\u00f3 en el a\u00f1o 2013. \n<\/p>\n\n\n\n<blockquote class=\"wp-block-quote\"><p>\u201c<em>El objetivo inicial del convenio es fortalecer la investigaci\u00f3n e extensi\u00f3n en la tem\u00e1tica de silo bolsa, sumando esfuerzos p\u00fablicos y privados\u201d<\/em><\/p><\/blockquote>\n\n\n\n<p>A\u00f1os\ndespu\u00e9s, se confirmar\u00eda que esta vinculaci\u00f3n constituy\u00f3 un hito\nen la evoluci\u00f3n del silo bolsa. Gracias a esta iniciativa, a partir\ndel a\u00f1o 2004 y con continuidad a la fecha se fue consolidando una\nred de investigaci\u00f3n y adaptaci\u00f3n de tecnolog\u00edas de silo bolsa\nentre INTA y otras instituciones asociadas a lo largo y ancho del\npa\u00eds, incluyendo las provincias de Chaco (EEA Las Bre\u00f1as), Salta\n(EEA Salta), C\u00f3rdoba (EEA Manfredi), Corrientes (UNNE), Entre R\u00edos\n(EEA Concepci\u00f3n del Uruguay y EEA Paran\u00e1), Tucum\u00e1n (EEA Famaill\u00e1),\nSanta Fe (FCEIA &#8211; UNR) y Buenos Aires (EEA Balcarce, EEA Barrow y EEA\nPergamino). A trav\u00e9s de las actividades de esta red, en una primera\netapa se logr\u00f3 sentar las bases t\u00e9cnicas del almacenamiento de\ncultivos tradicionales (trigo, ma\u00edz, soja y sorgo principalmente) y\nde importantes cultivos regionales (poroto y arroz). Tambi\u00e9n se\nestablecieron los fundamentos cient\u00edficos de la tecnolog\u00eda de\nmonitoreo de granos almacenados en silo bolsa a trav\u00e9s de la\nmedici\u00f3n de di\u00f3xido de carbono. \n<\/p>\n\n\n\n<p>Hacia\nfines de la d\u00e9cada del 2000, la adopci\u00f3n del silo bolsa en\nArgentina result\u00f3 de tal magnitud que desde entonces <strong>se\nembolsan entre 35 y 45 millones de toneladas cada a\u00f1o<\/strong>.\nLa incorporaci\u00f3n del silo bolsa en la estructura de poscosecha se\ndio no s\u00f3lo a campo por parte de los productores, sino tambi\u00e9n en\nlos acopios, la agroindustria (molinos harineros, malter\u00edas, etc.) y\nlos puertos. Las soluciones que el silo bolsa le brind\u00f3 a nuestro\npa\u00eds no han pasado desapercibidas para el resto del mundo. La\nflexibilidad para ampliar la capacidad de almacenamiento a bajo\ncosto, las ventajas log\u00edsticas, la reducci\u00f3n de p\u00e9rdidas, el\nalmacenamiento en origen y la trazabilidad de la mercader\u00eda, entre\notras, constituyeron enormes atractivos para su implementaci\u00f3n en\notros pa\u00edses. <strong>Actualmente,\nel paquete tecnol\u00f3gico de silo bolsa se exporta a m\u00e1s de cincuenta\npa\u00edses, incluyendo silo bolsas, embolsadoras, extractoras, carros\ntolva autodescargables y otros equipamientos relacionados.<\/strong><\/p>\n\n\n\n<p>Una\nde las premisas fundamentales del convenio es que la informaci\u00f3n\ngenerada en el marco del mismo fuera de libre acceso para los\ninteresados en la tecnolog\u00eda. En este sentido, <strong>los\nresultados obtenidos en el marco del convenio fueron publicados en\ndos libros de libre acceso<\/strong>:\n\u00abPrimer Libro de Almacenamiento de Granos en Bolsas Pl\u00e1sticas:\nResultados de investigaci\u00f3n 2004 &#8211; 2009\u00bb y \u00abSegundo Libro\nde Almacenamiento de Granos en Silo Bolsas: Resultados de\ninvestigaci\u00f3n 2009 \u2013 2013\u00bb. Los trabajos abarcan desde pautas\nde almacenamiento de granos (trigo, ma\u00edz, soja, cebada, girasol,\ncolza, poroto, arroz, etc.), modelado del ecosistema del silo bolsa,\nestudios nutricionales, estudios log\u00edsticos y econ\u00f3micos,\nposibilidades de monitoreo, control de plagas y bases del\nentendimiento de la problem\u00e1tica de hongos y micotoxinas de los\ngranos almacenados en silo bolsa. <strong>Continuando\ncon la misma consigna, fue como se desarroll\u00f3 esta p\u00e1gina web; en\nla misma se encontrar\u00e1n toda la informaci\u00f3n generada en el marco\ndel convenio, as\u00ed como informaci\u00f3n generada sobre el sistema de\nsilo bolsa en otras regiones del mundo.<\/strong><\/p>\n\n\n\n<h3 class=\"wp-block-heading\">Contactarse con equipo de desarrollo<\/h3>\n\n\n\n<p><strong>Ricardo Bartosik&nbsp;<\/strong><a href=\"mailto:bartosik.ricardo@inta.gob.ar\">bartosik.ricardo@inta.gob.ar<\/a><br><strong>Leandro Cardoso&nbsp;<\/strong><a href=\"mailto:cardoso.marcelo@inta.gob.ar\">cardoso.marcelo@inta.gob.ar<\/a><\/p>\n\n\n\n<p><br><\/p>\n\n\n\n<p><br><\/p>\n","protected":false},"excerpt":{"rendered":"<p>Este sitio web es un repositorio de informaci\u00f3n de la tecnolog\u00eda de almacenamiento de granos, semillas y subproductos en silo bolsas. La mayor parte de dicha informaci\u00f3n fue generada en el marco de un Convenio entre INTA y Empresas Fabricantes de Bolsas Pl\u00e1sticas (2004 a la fecha). Historia La tecnolog\u00eda de almacenamiento de granos en [&hellip;]<\/p>\n","protected":false},"author":1,"featured_media":0,"parent":0,"menu_order":0,"comment_status":"closed","ping_status":"closed","template":"","meta":{"footnotes":""},"_links":{"self":[{"href":"http:\/\/progranos.org\/siloBolsa\/index.php?rest_route=\/wp\/v2\/pages\/2"}],"collection":[{"href":"http:\/\/progranos.org\/siloBolsa\/index.php?rest_route=\/wp\/v2\/pages"}],"about":[{"href":"http:\/\/progranos.org\/siloBolsa\/index.php?rest_route=\/wp\/v2\/types\/page"}],"author":[{"embeddable":true,"href":"http:\/\/progranos.org\/siloBolsa\/index.php?rest_route=\/wp\/v2\/users\/1"}],"replies":[{"embeddable":true,"href":"http:\/\/progranos.org\/siloBolsa\/index.php?rest_route=%2Fwp%2Fv2%2Fcomments&post=2"}],"version-history":[{"count":17,"href":"http:\/\/progranos.org\/siloBolsa\/index.php?rest_route=\/wp\/v2\/pages\/2\/revisions"}],"predecessor-version":[{"id":742,"href":"http:\/\/progranos.org\/siloBolsa\/index.php?rest_route=\/wp\/v2\/pages\/2\/revisions\/742"}],"wp:attachment":[{"href":"http:\/\/progranos.org\/siloBolsa\/index.php?rest_route=%2Fwp%2Fv2%2Fmedia&parent=2"}],"curies":[{"name":"wp","href":"https:\/\/api.w.org\/{rel}","templated":true}]}}